{"id":46,"date":"2019-01-16T20:53:59","date_gmt":"2019-01-16T20:53:59","guid":{"rendered":"http:\/\/ferienhaus-medem-idyll.de\/?page_id=46"},"modified":"2026-02-09T15:06:02","modified_gmt":"2026-02-09T15:06:02","slug":"gesundheit-sport-welness","status":"publish","type":"page","link":"http:\/\/ferienhaus-medem-idyll.de\/?page_id=46","title":{"rendered":"Gesundheit\/Sport\/Wellness"},"content":{"rendered":"\n<p>Wattwandern&nbsp;&nbsp;&nbsp;Ein Naturerlebnis der besonderen Art ist das Laufen auf dem Meeresgrund in sauberer, jodhaltiger Nordseeluft. Einen aktuellen Tidenkalender halten wir f\u00fcr Sie bereit.<\/p>\n\n\n\n<p>Radfahren&nbsp;&nbsp;&nbsp;Otterndorf ist umgeben von einem Netz unterschiedlicher Radwanderwege. In den Sommermonaten finden auch gef\u00fchrte Radwanderungen statt. Verschiedene Wanderkarten stehen zu Ihrer Verf\u00fcgung.<\/p>\n\n\n\n<p>Spazierengehen&nbsp;&nbsp;&nbsp;Bummeln Sie durch die malerischen Gassen der historischen Altstadt und wandern Sie um die Stadt&nbsp;herum oder durch die Freizeitanlage. Sch\u00f6ner k\u00f6nnen Sie Natur pur, weite Felder und frische Luft nicht erleben.<\/p>\n\n\n\n<p>Schwimmen&nbsp;&nbsp;&nbsp;Baden Sie in der Nordsee, in einem der beiden S\u00fc\u00dfwasser- Seen oder im Wasser- und Landschaftspark. Au\u00dferdem steht Ihnen die Soletherme mit beheiztem Aussenbecken, Erlebnis-Sauna und vielf\u00e4ltigen Wellness- Angeboten zur Verf\u00fcgung<\/p>\n\n\n\n<p>Surfen&nbsp;&nbsp;&nbsp;Die Surfschule am \u201cS\u00fcdsee\u201d bietet Kurse an<\/p>\n\n\n\n<p>Beachvolleyball&nbsp;&nbsp;&nbsp;Ein Volleyballfeld befindet sich in der Freizeitanlage \u201cSee achtern Diek\u201d.<\/p>\n\n\n\n<p>Au\u00dferdem k\u00f6nnen Sie:&nbsp;&nbsp;&nbsp;Angeln, Tennis spielen (drinnen und drau\u00dfen), Reiten, Vollleyball, Tischtennis und Minigolf spielen, Joggen, Inline Skaten, Nordic Walken, Segeln, Kanu und Tretboot fahren und Kegeln<\/p>\n\n\n\n<p>ODER EINFACH MAL NICHTS TUN!<\/p>\n","protected":false},"excerpt":{"rendered":"<p>Wattwandern&nbsp;&nbsp;&nbsp;Ein Naturerlebnis der besonderen Art ist das Laufen auf dem Meeresgrund in sauberer, jodhaltiger Nordseeluft. Einen aktuellen Tidenkalender halten wir f\u00fcr Sie bereit. Radfahren&nbsp;&nbsp;&nbsp;Otterndorf ist umgeben von einem Netz unterschiedlicher Radwanderwege. In den Sommermonaten finden auch gef\u00fchrte Radwanderungen statt. Verschiedene Wanderkarten stehen zu Ihrer Verf\u00fcgung. Spazierengehen&nbsp;&nbsp;&nbsp;Bummeln Sie durch die malerischen Gassen der historischen Altstadt und [&hellip;]<\/p>\n","protected":false},"author":1,"featured_media":0,"parent":37,"menu_order":10,"comment_status":"closed","ping_status":"closed","template":"","meta":{"footnotes":""},"class_list":["post-46","page","type-page","status-publish","hentry","no-featured-image"],"_links":{"self":[{"href":"http:\/\/ferienhaus-medem-idyll.de\/index.php?rest_route=\/wp\/v2\/pages\/46","targetHints":{"allow":["GET"]}}],"collection":[{"href":"http:\/\/ferienhaus-medem-idyll.de\/index.php?rest_route=\/wp\/v2\/pages"}],"about":[{"href":"http:\/\/ferienhaus-medem-idyll.de\/index.php?rest_route=\/wp\/v2\/types\/page"}],"author":[{"embeddable":true,"href":"http:\/\/ferienhaus-medem-idyll.de\/index.php?rest_route=\/wp\/v2\/users\/1"}],"replies":[{"embeddable":true,"href":"http:\/\/ferienhaus-medem-idyll.de\/index.php?rest_route=%2Fwp%2Fv2%2Fcomments&post=46"}],"version-history":[{"count":2,"href":"http:\/\/ferienhaus-medem-idyll.de\/index.php?rest_route=\/wp\/v2\/pages\/46\/revisions"}],"predecessor-version":[{"id":120,"href":"http:\/\/ferienhaus-medem-idyll.de\/index.php?rest_route=\/wp\/v2\/pages\/46\/revisions\/120"}],"up":[{"embeddable":true,"href":"http:\/\/ferienhaus-medem-idyll.de\/index.php?rest_route=\/wp\/v2\/pages\/37"}],"wp:attachment":[{"href":"http:\/\/ferienhaus-medem-idyll.de\/index.php?rest_route=%2Fwp%2Fv2%2Fmedia&parent=46"}],"curies":[{"name":"wp","href":"https:\/\/api.w.org\/{rel}","templated":true}]}}